{"id":137,"date":"2020-08-12T17:01:13","date_gmt":"2020-08-12T17:01:13","guid":{"rendered":"https:\/\/parquerucamanque.ufro.cl\/?page_id=137"},"modified":"2025-10-16T08:38:50","modified_gmt":"2025-10-16T12:38:50","slug":"presentacion","status":"publish","type":"page","link":"https:\/\/parquerucamanque.ufro.cl\/index.php\/presentacion\/","title":{"rendered":"Presentaci\u00f3n"},"content":{"rendered":"\t\t<div data-elementor-type=\"wp-page\" data-elementor-id=\"137\" class=\"elementor elementor-137\">\n\t\t\t\t\t\t<div class=\"elementor-inner\">\n\t\t\t\t<div class=\"elementor-section-wrap\">\n\t\t\t\t\t\t\t\t\t<section class=\"elementor-section elementor-top-section elementor-element elementor-element-71bd7b5 elementor-section-stretched elementor-section-full_width elementor-section-height-default elementor-section-height-default\" data-id=\"71bd7b5\" data-element_type=\"section\" data-settings=\"{&quot;background_background&quot;:&quot;classic&quot;,&quot;stretch_section&quot;:&quot;section-stretched&quot;}\">\n\t\t\t\t\t\t\t<div class=\"elementor-background-overlay\"><\/div>\n\t\t\t\t\t\t\t<div class=\"elementor-container elementor-column-gap-default\">\n\t\t\t\t\t\t\t<div class=\"elementor-row\">\n\t\t\t\t\t<div class=\"elementor-column elementor-col-100 elementor-top-column elementor-element elementor-element-8f8c696\" data-id=\"8f8c696\" data-element_type=\"column\">\n\t\t\t<div class=\"elementor-column-wrap elementor-element-populated\">\n\t\t\t\t\t\t\t<div class=\"elementor-widget-wrap\">\n\t\t\t\t\t\t<section class=\"elementor-section elementor-inner-section elementor-element elementor-element-8ec529c elementor-section-boxed elementor-section-height-default elementor-section-height-default\" data-id=\"8ec529c\" data-element_type=\"section\">\n\t\t\t\t\t\t<div class=\"elementor-container elementor-column-gap-default\">\n\t\t\t\t\t\t\t<div class=\"elementor-row\">\n\t\t\t\t\t<div class=\"elementor-column elementor-col-100 elementor-inner-column elementor-element elementor-element-719f9f9\" data-id=\"719f9f9\" data-element_type=\"column\">\n\t\t\t<div class=\"elementor-column-wrap elementor-element-populated\">\n\t\t\t\t\t\t\t<div class=\"elementor-widget-wrap\">\n\t\t\t\t\t\t<div class=\"elementor-element elementor-element-4041b4e elementor-widget elementor-widget-heading\" data-id=\"4041b4e\" data-element_type=\"widget\" data-widget_type=\"heading.default\">\n\t\t\t\t<div class=\"elementor-widget-container\">\n\t\t\t<h2 class=\"elementor-heading-title elementor-size-default\">Rucamanque<\/h2>\t\t<\/div>\n\t\t\t\t<\/div>\n\t\t\t\t\t\t<\/div>\n\t\t\t\t\t<\/div>\n\t\t<\/div>\n\t\t\t\t\t\t\t\t<\/div>\n\t\t\t\t\t<\/div>\n\t\t<\/section>\n\t\t\t\t\t\t<\/div>\n\t\t\t\t\t<\/div>\n\t\t<\/div>\n\t\t\t\t\t\t\t\t<\/div>\n\t\t\t\t\t<\/div>\n\t\t<\/section>\n\t\t\t\t<section class=\"elementor-section elementor-top-section elementor-element elementor-element-6ba801e elementor-section-full_width elementor-section-height-default elementor-section-height-default\" data-id=\"6ba801e\" data-element_type=\"section\" data-settings=\"{&quot;background_background&quot;:&quot;classic&quot;}\">\n\t\t\t\t\t\t<div class=\"elementor-container elementor-column-gap-default\">\n\t\t\t\t\t\t\t<div class=\"elementor-row\">\n\t\t\t\t\t<div class=\"elementor-column elementor-col-100 elementor-top-column elementor-element elementor-element-d39d5a6\" data-id=\"d39d5a6\" data-element_type=\"column\" data-settings=\"{&quot;motion_fx_motion_fx_scrolling&quot;:&quot;yes&quot;,&quot;motion_fx_translateX_effect&quot;:&quot;yes&quot;,&quot;motion_fx_translateX_speed&quot;:{&quot;unit&quot;:&quot;px&quot;,&quot;size&quot;:&quot;1&quot;,&quot;sizes&quot;:[]},&quot;motion_fx_translateX_affectedRange&quot;:{&quot;unit&quot;:&quot;%&quot;,&quot;size&quot;:&quot;&quot;,&quot;sizes&quot;:{&quot;start&quot;:&quot;0&quot;,&quot;end&quot;:&quot;50&quot;}},&quot;motion_fx_devices&quot;:[&quot;desktop&quot;]}\">\n\t\t\t<div class=\"elementor-column-wrap elementor-element-populated\">\n\t\t\t\t\t\t\t<div class=\"elementor-widget-wrap\">\n\t\t\t\t\t\t<div class=\"elementor-element elementor-element-9794d69 elementor-widget-divider--view-line_text elementor-widget-divider--element-align-left elementor-widget elementor-widget-divider\" data-id=\"9794d69\" data-element_type=\"widget\" data-widget_type=\"divider.default\">\n\t\t\t\t<div class=\"elementor-widget-container\">\n\t\t\t\t\t<div class=\"elementor-divider\">\n\t\t\t<span class=\"elementor-divider-separator\">\n\t\t\t\t\t\t\t<span class=\"elementor-divider__text elementor-divider__element\">\n\t\t\t\tCONSERVANDO <b>LA BIODIVERSIDAD<\/b>\t\t\t\t<\/span>\n\t\t\t\t\t\t<\/span>\n\t\t<\/div>\n\t\t\t\t<\/div>\n\t\t\t\t<\/div>\n\t\t\t\t\t\t<\/div>\n\t\t\t\t\t<\/div>\n\t\t<\/div>\n\t\t\t\t\t\t\t\t<\/div>\n\t\t\t\t\t<\/div>\n\t\t<\/section>\n\t\t\t\t<section class=\"elementor-section elementor-top-section elementor-element elementor-element-d9cfbc8 elementor-section-boxed elementor-section-height-default elementor-section-height-default\" data-id=\"d9cfbc8\" data-element_type=\"section\">\n\t\t\t\t\t\t<div class=\"elementor-container elementor-column-gap-default\">\n\t\t\t\t\t\t\t<div class=\"elementor-row\">\n\t\t\t\t\t<div class=\"elementor-column elementor-col-100 elementor-top-column elementor-element elementor-element-2d804e6\" data-id=\"2d804e6\" data-element_type=\"column\">\n\t\t\t<div class=\"elementor-column-wrap elementor-element-populated\">\n\t\t\t\t\t\t\t<div class=\"elementor-widget-wrap\">\n\t\t\t\t\t\t<div class=\"elementor-element elementor-element-949f635 elementor-widget elementor-widget-heading\" data-id=\"949f635\" data-element_type=\"widget\" data-widget_type=\"heading.default\">\n\t\t\t\t<div class=\"elementor-widget-container\">\n\t\t\t<h5 class=\"elementor-heading-title elementor-size-default\">PARQUE ECOL\u00d3GICO Y CULTURAL<\/h5>\t\t<\/div>\n\t\t\t\t<\/div>\n\t\t\t\t<div class=\"elementor-element elementor-element-9c12ee5 elementor-widget elementor-widget-heading\" data-id=\"9c12ee5\" data-element_type=\"widget\" data-widget_type=\"heading.default\">\n\t\t\t\t<div class=\"elementor-widget-container\">\n\t\t\t<h4 class=\"elementor-heading-title elementor-size-default\">Rucamanque<\/h4>\t\t<\/div>\n\t\t\t\t<\/div>\n\t\t\t\t<div class=\"elementor-element elementor-element-9db8208 elementor-widget elementor-widget-text-editor\" data-id=\"9db8208\" data-element_type=\"widget\" data-widget_type=\"text-editor.default\">\n\t\t\t\t<div class=\"elementor-widget-container\">\n\t\t\t\t\t\t\t\t<div class=\"elementor-text-editor elementor-clearfix\">\n\t\t\t\t<p class=\"western\" align=\"left\">Ubicado a tan solo 12 km de la ciudad de Temuco se encuentra Rucamanque, un bosque relicto de la vegetaci\u00f3n original que cubr\u00eda el valle que se ubica entre las cordilleras de la Costa y los Andes en La Araucan\u00eda.<\/p>\n<p class=\"western\" align=\"left\">En el centro y sur de Chile, los suelos planos y f\u00e9rtiles del valle han sido utilizados desde tiempos ancestrales de manera preferente para la agricultura y el establecimiento de poblados, ciudades y caminos. La vegetaci\u00f3n original que cubr\u00eda esta zona, fue lentamente transformada al paisaje que se observa en la actualidad. A grandes rasgos, esto se puede observar entre Santiago y Puerto Montt. Es por esto que en el valle o depresi\u00f3n intermedia cuesta encontrar rastros de la vegetaci\u00f3n original, donde ahora abundan campos agr\u00edcolas, praderas y plantaciones forestales de especies ex\u00f3ticas.<\/p>\n<p class=\"western\" align=\"left\">Este proceso de transformaci\u00f3n fue m\u00e1s tard\u00edo en La Araucan\u00eda que el resto de Chile, dada la resistencia Mapuche, que determin\u00f3 que hasta fines de 1800 se mantuvieran buena parte los bosques originales en esta zona. El establecimiento de ciudades como Traigu\u00e9n (1878), Victoria (1881), Lautaro (1881) y Temuco (1881), aceleraron los cambios en el paisaje. Testigos silenciosos de este proceso son algunos robles, boldos y laureles aislados, que se ven en campos, al borde de la carretera e incluso en ciertos lugares de Temuco como en el Parque Estadio Municipal (ex Germ\u00e1n Becker), la Isla Caut\u00edn y mayormente el Cerro \u00d1ielol.<\/p>\n<p style=\"color: #003300;\" align=\"left\"><b>Un bosque en La Frontera.<\/b><\/p>\n<p class=\"western\" align=\"left\">Como un secreto bien guardado, Rucamanque logr\u00f3 conservarse y sorprende por la riqueza de especies de plantas, mamiferos, avifauna, y hongos dado el buen estado de conservaci\u00f3n que posee. En este Parque converge la vegetaci\u00f3n de hojas duras o \u201cescler\u00f3fila\u201d -t\u00edpica de la zona central- adaptada a condiciones m\u00e1s secas; con especies siempreverdes del sur. Rucamanque alberga alrededor de 200 especies de plantas y 56 especies de aves, destacando el chucao y hued hued; mam\u00edferos como el zorro chilla, el chingue, quique, puma, gui\u00f1a y pud\u00fa, adem\u00e1s del marsupial monito del monte y la ranita de Darwin entre los anfibios.<\/p>\n<p class=\"western\" align=\"left\">Con una superficie de 408 hect\u00e1reas, m\u00e1s de la mitad de Rucamanque esta cubierto por bosque adulto del tipo roble-laurel-lingue, que presenta otras especies siempreverdes: como olivillo y ulmo; y \u00e1rboles que en promedio superan los 300 a\u00f1os. De hecho, los robles m\u00e1s grandes y longevos de Chile se encuentran documentados en Rucamanque con \u00e1rboles de m\u00e1s de 54 metros de altura y 1,8 metros de di\u00e1metro, que superan los 460 a\u00f1os de edad.<\/p>\n<p class=\"western\" align=\"left\">El a\u00f1o 2003 esta \u00e1rea, propiedad de Bienes Nacionales, fue declarada Sitio Prioritario de Conservaci\u00f3n de la Biodiversidad, y desde el 2016 es administrado por la Universidad de La Frontera a trav\u00e9s de una concesi\u00f3n de uso gratuito de largo plazo.<\/p>\n<p style=\"color: #003300;\" align=\"left\"><b>Objetivos del Parque Rucamanque<\/b><\/p>\n<p class=\"western\" align=\"left\">El prop\u00f3sito principal del Parque Ecol\u00f3gico y Cultural Rucamanque es preservar en el tiempo un ecosistema relicto de biodiversidad \u00fanico en el valle central de Chile, conservando los bienes y servicios que provee. Esta tarea se impulsa a trav\u00e9s de educaci\u00f3n ambiental, investigaci\u00f3n cient\u00edfica; y vinculaci\u00f3n con la comunidad en general, a trav\u00e9s de actividades de recreaci\u00f3n y difusi\u00f3n.<\/p>\n<p class=\"western\" align=\"left\">La interacci\u00f3n con comunidades Mapuche del territorio Huimpil-\u00d1ielol ha sido y es un desaf\u00edo relevante en el pasado, presente y futuro para la administraci\u00f3n del Parque. Rucamanque prosee un valor medioambiental y sociocultural que es muy valorado por las comunidades vecinas. Se reconoce un directo aporte para el abastecimiento de agua, la protecci\u00f3n del suelo, y el refugio de fauna silvestre, entre otros. Adem\u00e1s, se considera un lugar fundamental en la cosmovisi\u00f3n, donde a\u00fan habitan los esp\u00edritus o <i>ngen, <\/i>y<i> <\/i>que conserva medicina o <i>lahuen.<\/i><\/p>\n\n<p>\u00bfC\u00f3mo dar a conocer este lugar \u00fanico sin da\u00f1arlo para las futuras generaciones? Rucamanque se promueve como un laboratorio natural de educaci\u00f3n ambiental. Se permite el acceso controlado de grupos de personas, estudiantes y visitantes de todo nivel. Durante todo el a\u00f1o se desarrollan visitas guiadas en grupos peque\u00f1os (usualmente menores a 40 personas). Tambi\u00e9n se permite la visita de personas para actividades recreativas, mientras se desarrollen en linea con nuestros objetivos de conservaci\u00f3n.<\/p>\t\t\t\t\t<\/div>\n\t\t\t\t\t\t<\/div>\n\t\t\t\t<\/div>\n\t\t\t\t\t\t<\/div>\n\t\t\t\t\t<\/div>\n\t\t<\/div>\n\t\t\t\t\t\t\t\t<\/div>\n\t\t\t\t\t<\/div>\n\t\t<\/section>\n\t\t\t\t<section class=\"elementor-section elementor-top-section elementor-element elementor-element-bfd2479 elementor-section-boxed elementor-section-height-default elementor-section-height-default\" data-id=\"bfd2479\" data-element_type=\"section\">\n\t\t\t\t\t\t<div class=\"elementor-container elementor-column-gap-default\">\n\t\t\t\t\t\t\t<div class=\"elementor-row\">\n\t\t\t\t\t<div class=\"elementor-column elementor-col-100 elementor-top-column elementor-element elementor-element-999a45b\" data-id=\"999a45b\" data-element_type=\"column\">\n\t\t\t<div class=\"elementor-column-wrap elementor-element-populated\">\n\t\t\t\t\t\t\t<div class=\"elementor-widget-wrap\">\n\t\t\t\t\t\t<div class=\"elementor-element elementor-element-2000b2e elementor-widget-divider--view-line elementor-widget elementor-widget-divider\" data-id=\"2000b2e\" data-element_type=\"widget\" data-widget_type=\"divider.default\">\n\t\t\t\t<div class=\"elementor-widget-container\">\n\t\t\t\t\t<div class=\"elementor-divider\">\n\t\t\t<span class=\"elementor-divider-separator\">\n\t\t\t\t\t\t<\/span>\n\t\t<\/div>\n\t\t\t\t<\/div>\n\t\t\t\t<\/div>\n\t\t\t\t\t\t<\/div>\n\t\t\t\t\t<\/div>\n\t\t<\/div>\n\t\t\t\t\t\t\t\t<\/div>\n\t\t\t\t\t<\/div>\n\t\t<\/section>\n\t\t\t\t<section class=\"elementor-section elementor-top-section elementor-element elementor-element-3822dec elementor-section-boxed elementor-section-height-default elementor-section-height-default\" data-id=\"3822dec\" data-element_type=\"section\">\n\t\t\t\t\t\t<div class=\"elementor-container elementor-column-gap-default\">\n\t\t\t\t\t\t\t<div class=\"elementor-row\">\n\t\t\t\t\t<div class=\"elementor-column elementor-col-100 elementor-top-column elementor-element elementor-element-c814d85\" data-id=\"c814d85\" data-element_type=\"column\">\n\t\t\t<div class=\"elementor-column-wrap elementor-element-populated\">\n\t\t\t\t\t\t\t<div class=\"elementor-widget-wrap\">\n\t\t\t\t\t\t<div class=\"elementor-element elementor-element-afef8a8 elementor-widget elementor-widget-text-editor\" data-id=\"afef8a8\" data-element_type=\"widget\" data-widget_type=\"text-editor.default\">\n\t\t\t\t<div class=\"elementor-widget-container\">\n\t\t\t\t\t\t\t\t<div class=\"elementor-text-editor elementor-clearfix\">\n\t\t\t\t<p>Fuente: Rodrigo Vargas Gaete*<br>Administrador Parque Ecol\u00f3gico y Cultural Rucamanque<br>Facultad de Ciencias Agropecuarias y Medioambiente<\/p>\t\t\t\t\t<\/div>\n\t\t\t\t\t\t<\/div>\n\t\t\t\t<\/div>\n\t\t\t\t\t\t<\/div>\n\t\t\t\t\t<\/div>\n\t\t<\/div>\n\t\t\t\t\t\t\t\t<\/div>\n\t\t\t\t\t<\/div>\n\t\t<\/section>\n\t\t\t\t<section class=\"elementor-section elementor-top-section elementor-element elementor-element-c7e95f4 elementor-section-full_width elementor-section-height-default elementor-section-height-default\" data-id=\"c7e95f4\" data-element_type=\"section\" data-settings=\"{&quot;background_background&quot;:&quot;classic&quot;}\">\n\t\t\t\t\t\t<div class=\"elementor-container elementor-column-gap-default\">\n\t\t\t\t\t\t\t<div class=\"elementor-row\">\n\t\t\t\t\t<div class=\"elementor-column elementor-col-100 elementor-top-column elementor-element elementor-element-c9ed8af\" data-id=\"c9ed8af\" data-element_type=\"column\" data-settings=\"{&quot;motion_fx_motion_fx_scrolling&quot;:&quot;yes&quot;,&quot;motion_fx_translateX_effect&quot;:&quot;yes&quot;,&quot;motion_fx_translateX_speed&quot;:{&quot;unit&quot;:&quot;px&quot;,&quot;size&quot;:&quot;1&quot;,&quot;sizes&quot;:[]},&quot;motion_fx_translateX_affectedRange&quot;:{&quot;unit&quot;:&quot;%&quot;,&quot;size&quot;:&quot;&quot;,&quot;sizes&quot;:{&quot;start&quot;:&quot;0&quot;,&quot;end&quot;:&quot;50&quot;}},&quot;motion_fx_devices&quot;:[&quot;desktop&quot;]}\">\n\t\t\t<div class=\"elementor-column-wrap elementor-element-populated\">\n\t\t\t\t\t\t\t<div class=\"elementor-widget-wrap\">\n\t\t\t\t\t\t<div class=\"elementor-element elementor-element-5d5ae67 elementor-widget-divider--view-line_text elementor-widget-divider--element-align-left elementor-widget elementor-widget-divider\" data-id=\"5d5ae67\" data-element_type=\"widget\" data-widget_type=\"divider.default\">\n\t\t\t\t<div class=\"elementor-widget-container\">\n\t\t\t\t\t<div class=\"elementor-divider\">\n\t\t\t<span class=\"elementor-divider-separator\">\n\t\t\t\t\t\t\t<span class=\"elementor-divider__text elementor-divider__element\">\n\t\t\t\tGesti\u00f3n del <b>parque<\/b>\t\t\t\t<\/span>\n\t\t\t\t\t\t<\/span>\n\t\t<\/div>\n\t\t\t\t<\/div>\n\t\t\t\t<\/div>\n\t\t\t\t\t\t<\/div>\n\t\t\t\t\t<\/div>\n\t\t<\/div>\n\t\t\t\t\t\t\t\t<\/div>\n\t\t\t\t\t<\/div>\n\t\t<\/section>\n\t\t\t\t<section class=\"elementor-section elementor-top-section elementor-element elementor-element-6f070f9 elementor-section-boxed elementor-section-height-default elementor-section-height-default\" data-id=\"6f070f9\" data-element_type=\"section\" data-settings=\"{&quot;background_background&quot;:&quot;classic&quot;}\">\n\t\t\t\t\t\t<div class=\"elementor-container elementor-column-gap-default\">\n\t\t\t\t\t\t\t<div class=\"elementor-row\">\n\t\t\t\t\t<div class=\"elementor-column elementor-col-100 elementor-top-column elementor-element elementor-element-4cd4b8c\" data-id=\"4cd4b8c\" data-element_type=\"column\" data-settings=\"{&quot;background_background&quot;:&quot;classic&quot;}\">\n\t\t\t<div class=\"elementor-column-wrap elementor-element-populated\">\n\t\t\t\t\t\t\t<div class=\"elementor-widget-wrap\">\n\t\t\t\t\t\t<div class=\"elementor-element elementor-element-aa16ed5 elementor-widget elementor-widget-text-editor\" data-id=\"aa16ed5\" data-element_type=\"widget\" data-widget_type=\"text-editor.default\">\n\t\t\t\t<div class=\"elementor-widget-container\">\n\t\t\t\t\t\t\t\t<div class=\"elementor-text-editor elementor-clearfix\">\n\t\t\t\t<p>\u00a0<\/p><p>* Comit\u00e9 directivo (2025): <b>Dr. Adison Altamirano N<\/b>\u00a0\u00a0(Decano &#8211; Facultad de Cs. Agropecuarias y Medioambiente), <b>Dr.<\/b> <b>Leonardo Almonacid M<\/b> (Director Acad\u00e9mico del Parque),\u00a0<span style=\"font-weight: bolder;\">Dr. Alex Seguel F\u00a0<\/span>(Director de Vinculaci\u00f3n con el Medio FCAM),<b>\u00a0Sr. Alejandro Suazo R\u00a0<\/b>(Director de Finanzas y Desarrollo de Personas FCAM),<b>\u00a0Dra. Alejandra Fuentes Q<\/b> \u00a0(Directora Carrera de Ingenier\u00eda en Recursos Naturales FCAM),\u00a0<b>Dr. Rodrigo Vargas G<\/b>\u00a0(Acad\u00e9mico FCAM &#8211; Asesor cient\u00edfico del Parque), <b>Dr. Andr\u00e9s Fuentes R<\/b>\u00a0(Acad\u00e9mico FCAM &#8211; Asesor operacional del Parque).<\/p><p>\u00a0<\/p><p>* Equipo administrativo (2016-2019): <strong>Patricio Nu\u00f1ez Mar\u00edn<\/strong> (Administrador General), <strong>Patricio Pacheco Cancino <\/strong>(Apoyo Administrativo), <strong>Alejandro Espinosa Sep\u00falveda <\/strong>(Gesti\u00f3n de Proyecto) y <strong>Alejandro Herrera Aguayo<\/strong> (<em>Gesti\u00f3n Social y Vinculaci\u00f3n<\/em>).<\/p>\t\t\t\t\t<\/div>\n\t\t\t\t\t\t<\/div>\n\t\t\t\t<\/div>\n\t\t\t\t\t\t<\/div>\n\t\t\t\t\t<\/div>\n\t\t<\/div>\n\t\t\t\t\t\t\t\t<\/div>\n\t\t\t\t\t<\/div>\n\t\t<\/section>\n\t\t\t\t\t\t\t\t\t<\/div>\n\t\t\t<\/div>\n\t\t\t\t\t<\/div>\n\t\t","protected":false},"excerpt":{"rendered":"<p>Rucamanque CONSERVANDO LA BIODIVERSIDAD PARQUE ECOL\u00d3GICO Y CULTURAL Rucamanque Ubicado a tan solo 12 km de la ciudad de Temuco se encuentra Rucamanque, un bosque relicto de la vegetaci\u00f3n original que cubr\u00eda el valle que se ubica entre las cordilleras de la Costa y los Andes en La Araucan\u00eda. En el centro y sur de [&hellip;]<\/p>\n","protected":false},"author":1,"featured_media":0,"parent":0,"menu_order":0,"comment_status":"closed","ping_status":"closed","template":"elementor_header_footer","meta":{"footnotes":""},"_links":{"self":[{"href":"https:\/\/parquerucamanque.ufro.cl\/index.php\/wp-json\/wp\/v2\/pages\/137"}],"collection":[{"href":"https:\/\/parquerucamanque.ufro.cl\/index.php\/wp-json\/wp\/v2\/pages"}],"about":[{"href":"https:\/\/parquerucamanque.ufro.cl\/index.php\/wp-json\/wp\/v2\/types\/page"}],"author":[{"embeddable":true,"href":"https:\/\/parquerucamanque.ufro.cl\/index.php\/wp-json\/wp\/v2\/users\/1"}],"replies":[{"embeddable":true,"href":"https:\/\/parquerucamanque.ufro.cl\/index.php\/wp-json\/wp\/v2\/comments?post=137"}],"version-history":[{"count":96,"href":"https:\/\/parquerucamanque.ufro.cl\/index.php\/wp-json\/wp\/v2\/pages\/137\/revisions"}],"predecessor-version":[{"id":2590,"href":"https:\/\/parquerucamanque.ufro.cl\/index.php\/wp-json\/wp\/v2\/pages\/137\/revisions\/2590"}],"wp:attachment":[{"href":"https:\/\/parquerucamanque.ufro.cl\/index.php\/wp-json\/wp\/v2\/media?parent=137"}],"curies":[{"name":"wp","href":"https:\/\/api.w.org\/{rel}","templated":true}]}}